{"id":44438,"date":"2022-02-14T13:13:13","date_gmt":"2022-02-14T13:13:13","guid":{"rendered":"http:\/\/www.viktoringatlan.hu\/wp\/?post_type=product&#038;p=44438"},"modified":"2022-09-29T15:05:39","modified_gmt":"2022-09-29T15:05:39","slug":"veszprem-megye-sumeg-eszaki-reszen-elado-egy-700-nm-es-ingatlan","status":"publish","type":"product","link":"http:\/\/www.viktoringatlan.hu\/wp\/product\/veszprem-megye-sumeg-eszaki-reszen-elado-egy-700-nm-es-ingatlan\/","title":{"rendered":"Veszpr\u00e9m megye, S\u00fcmeg \u00e9szaki r\u00e9sz\u00e9n elad\u00f3 egy 700 nm-es ingatlan"},"content":{"rendered":"<p>Veszpr\u00e9m megye, S\u00fcmeg \u00e9szaki r\u00e9sz\u00e9n elad\u00f3 egy 700 nm-es ingatlan mely 1,2 hekt\u00e1ros telken helyezkedik el! A h\u00e1zhoz \u00f6sszesen 20 szoba tartozik, ezek f\u0171t\u00e9s\u00e9r\u0151l h\u0151szivatty\u00fas, wifir\u0151l vez\u00e9relhet\u0151 kl\u00edm\u00e1k \u00e9s norv\u00e9g panelok gondoskodnak. A melegv\u00edz el\u0151\u00e1ll\u00edt\u00e1s\u00e1t napkollektorok teszik kedvez\u0151bb\u00e9 2 puffer tart\u00e1llyal. A h\u00e1z energiaell\u00e1t\u00e1sa vez\u00e9relt \u00e1ramon kereszt\u00fcl, 3&#215;32 amperrel t\u00f6rt\u00e9nik ami 3 k\u00fcl\u00f6nb\u00f6z\u0151 oldalr\u00f3l is megoldott. Az elm\u00falt 3 \u00e9vbven folyamatos korszer\u0171s\u00edt\u00e9sek voltak: teljesen \u00faj v\u00edz \u00e9s \u00e1ram h\u00e1lozat, teljesen \u00faj burkolatok, konyha &#8211; el\u0151\u00edr\u00e1soknak megfelel\u0151en &#8211; \u00e9s nem utols\u00f3 sorban vadonat\u00faj b\u00fatorok amik a v\u00e9tel\u00e1r r\u00e9sz\u00e9t k\u00e9pezik!<\/p>\n<p>A telekre behajtva k\u00e9t parkol\u00f3 tal\u00e1lhat\u00f3, a jobb oldali parkol\u00f3b\u00f3l megk\u00f6zel\u00edthet\u0151 a f\u0151bej\u00e1rat \u00e9s a terasz. A f\u0151bej\u00e1raton bel\u00e9pve egy fogad\u00f3 pult ker\u00fclt kialak\u00edt\u00e1sra innen az \u00e9tkez\u0151t, konyh\u00e1t \u00e9s az emleti 5 szob\u00e1t lehet megk\u00f6zel\u00edteni. A k\u00f6z\u00e9ps\u0151 r\u00e9szen egy hangulatos kerten kereszt\u00fcl, k\u00edv\u00fclr\u0151l lehet megk\u00f6zel\u00edteni tov\u00e1bbi 7 szob\u00e1t. A nyugati r\u00e9sze az ingatlannak alkalmas saj\u00e1t lakhat\u00e1sra, bar\u00e1tok fogad\u00e1s\u00e1ra k\u00f6sz\u00f6nhet\u0151en az elszepar\u00e1lts\u00e1g\u00e1nak, valamint a k\u00fcl\u00f6n konyh\u00e1nak \u00e9s pihen\u0151 szob\u00e1nak. Ezen a r\u00e9szen ker\u00fclt kialak\u00edt\u00e1sra a boros pince is, ami szint\u00e9n teljesk\u00f6r\u0171en fel\u00faj\u00edtott. Elehelyezked\u00e9se egyed\u00fcl\u00e1ll\u00f3 S\u00fcmegen bel\u00fcl, hiszen egy magass\u00e1gban tal\u00e1lhat\u00f3 a v\u00e1rral, \u00edgy \u00f6r\u00f6k panor\u00e1ma van eg\u00e9szen az Alpokig, valamint k\u00f6zvetlen m\u00f6g\u00f6tte a s\u00fcmegi feh\u00e9r-k\u00f6vek term\u00e9szetv\u00e9delmi ter\u00fclet tal\u00e1lhat\u00f3! Az \u0171j medenc\u00e9b\u0151l \u00e9s jakuzzib\u00f3l mesesz\u00e9p \u00f6r\u00f6k panor\u00e1ma t\u00e1rul el\u00e9nk.<\/p>\n<p>&nbsp;<\/p>\n","protected":false},"excerpt":{"rendered":"<p>Veszpr\u00e9m megye, S\u00fcmeg \u00e9szaki r\u00e9sz\u00e9n elad\u00f3 egy 700 nm-es ingatlan mely 1,2 hekt\u00e1ros telken helyezkedik el! A h\u00e1zhoz \u00f6sszesen 20 szoba tartozik, ezek f\u0171t\u00e9s\u00e9r\u0151l h\u0151szivatty\u00fas, wifir\u0151l vez\u00e9relhet\u0151 kl\u00edm\u00e1k \u00e9s norv\u00e9g panelok gondoskodnak. A melegv\u00edz el\u0151\u00e1ll\u00edt\u00e1s\u00e1t napkollektorok teszik kedvez\u0151bb\u00e9 2 puffer tart\u00e1llyal. A h\u00e1z energiaell\u00e1t\u00e1sa vez\u00e9relt \u00e1ramon kereszt\u00fcl, 3&#215;32 amperrel t\u00f6rt\u00e9nik ami 3 k\u00fcl\u00f6nb\u00f6z\u0151 oldalr\u00f3l is &hellip;<\/p>\n<p class=\"read-more\"> <a class=\"\" href=\"http:\/\/www.viktoringatlan.hu\/wp\/product\/veszprem-megye-sumeg-eszaki-reszen-elado-egy-700-nm-es-ingatlan\/\"> <span class=\"screen-reader-text\">Veszpr\u00e9m megye, S\u00fcmeg \u00e9szaki r\u00e9sz\u00e9n elad\u00f3 egy 700 nm-es ingatlan<\/span> Read More &raquo;<\/a><\/p>\n","protected":false},"featured_media":44439,"comment_status":"open","ping_status":"closed","template":"","meta":[],"product_brand":[],"product_cat":[92,123],"product_tag":[],"class_list":{"0":"post-44438","1":"product","2":"type-product","3":"status-publish","4":"has-post-thumbnail","6":"product_cat-elado","7":"product_cat-elado-egyeb","9":"first","10":"instock","11":"shipping-taxable","12":"product-type-simple"},"_links":{"self":[{"href":"http:\/\/www.viktoringatlan.hu\/wp\/wp-json\/wp\/v2\/product\/44438","targetHints":{"allow":["GET"]}}],"collection":[{"href":"http:\/\/www.viktoringatlan.hu\/wp\/wp-json\/wp\/v2\/product"}],"about":[{"href":"http:\/\/www.viktoringatlan.hu\/wp\/wp-json\/wp\/v2\/types\/product"}],"replies":[{"embeddable":true,"href":"http:\/\/www.viktoringatlan.hu\/wp\/wp-json\/wp\/v2\/comments?post=44438"}],"wp:featuredmedia":[{"embeddable":true,"href":"http:\/\/www.viktoringatlan.hu\/wp\/wp-json\/wp\/v2\/media\/44439"}],"wp:attachment":[{"href":"http:\/\/www.viktoringatlan.hu\/wp\/wp-json\/wp\/v2\/media?parent=44438"}],"wp:term":[{"taxonomy":"product_brand","embeddable":true,"href":"http:\/\/www.viktoringatlan.hu\/wp\/wp-json\/wp\/v2\/product_brand?post=44438"},{"taxonomy":"product_cat","embeddable":true,"href":"http:\/\/www.viktoringatlan.hu\/wp\/wp-json\/wp\/v2\/product_cat?post=44438"},{"taxonomy":"product_tag","embeddable":true,"href":"http:\/\/www.viktoringatlan.hu\/wp\/wp-json\/wp\/v2\/product_tag?post=44438"}],"curies":[{"name":"wp","href":"https:\/\/api.w.org\/{rel}","templated":true}]}}