{"id":45742,"date":"2024-01-25T12:11:44","date_gmt":"2024-01-25T12:11:44","guid":{"rendered":"http:\/\/www.viktoringatlan.hu\/wp\/?post_type=product&#038;p=45742"},"modified":"2024-01-25T12:11:44","modified_gmt":"2024-01-25T12:11:44","slug":"sarszentmiyalyon-ket-bejarattal-rendelkezo-exkluziv-178-nm-csaladi-haz-2100-telekkel-garazzsal-medencevel-parkositott-udvarral-elado","status":"publish","type":"product","link":"http:\/\/www.viktoringatlan.hu\/wp\/product\/sarszentmiyalyon-ket-bejarattal-rendelkezo-exkluziv-178-nm-csaladi-haz-2100-telekkel-garazzsal-medencevel-parkositott-udvarral-elado\/","title":{"rendered":"S\u00c1RSZENTMIY\u00c1LYON K\u00c9T BEJ\u00c1RATTAL RENDELKEZ\u0150, EXKLUZ\u00cdV 178 nm CSAL\u00c1DI H\u00c1Z 2100 TELEKKEL, GAR\u00c1ZZSAL, MEDENC\u00c9VEL , PARKOS\u00cdTOTT UDVARRAL ELAD\u00d3!!!"},"content":{"rendered":"<p>S\u00c1RSZENTMIY\u00c1LYON K\u00c9T BEJ\u00c1RATTAL RENDELKEZ\u0150, EXKLUZ\u00cdV 178 nm CSAL\u00c1DI H\u00c1Z 2100 TELEKKEL, GAR\u00c1ZZSAL, MEDENC\u00c9VEL , PARKOS\u00cdTOTT UDVARRAL ELAD\u00d3!!!<\/p>\n<p>A csal\u00e1di h\u00e1z 2013-ban \u00e9p\u00fclt!<br \/>\nF\u0171t\u00e9s: als\u00f3 szint padl\u00f3f\u0171t\u00e9s, illetve 2 db kl\u00edma. Fels\u0151 szint: kl\u00edma, infra panelek, minden villany (melegv\u00edz bojler), melyhez t\u00e1rsul egy 13,5 kWp-es napelmes rendszer.<br \/>\nRiaszt\u00f3, kamera, elektromos red\u0151ny. Medence: 8X4X1,5 (fesz\u00edtett v\u00edzt\u00fck\u00f6r), napkollektor f\u0171t\u00e9s, ellen\u00e1ramoltat\u00f3.<br \/>\nA h\u00e1z f\u00f6ldszintj\u00e9n egy fogad\u00f3t\u00e9rbe \u00e9rkez\u00fcnk, ezen a szinten 2 nappali , 2 h\u00e1l\u00f3szoba , 2 f\u00fcrd\u0151szoba tal\u00e1lhat\u00f3, valamint egy k\u00e9nyelmes \u00e9tkez\u0151-konyha, 3 wc, egy gardr\u00f3b \u00e9s egy mos\u00f3konyha tal\u00e1lhat\u00f3 !<\/p>\n<p>Az emeleten egy nagy t\u00e1rsalg\u00f3 valamint 2 szoba \u00e9s egy wc + terasz panor\u00e1m\u00e1val tal\u00e1lhat\u00f3 !<\/p>\n<p>A csal\u00e1di h\u00e1zhoz \u00e9p\u00edtett kb 20 m2-es, gar\u00e1zs tartozik.<\/p>\n<p>Nagyon el\u0151ny\u00f6s, hogy ennek a teleknek egy h\u00e1ts\u00f3 utc\u00e1r\u00f3l val\u00f3 megk\u00f6zel\u00edt\u00e9se is megoldhat\u00f3, teh\u00e1t a telek sz\u00fcks\u00e9g eset\u00e9n megoszthat\u00f3!<\/p>\n<p>S\u00e1rszentmih\u00e1ly Fej\u00e9r megy\u00e9ben, Budapestr\u0151l 72 km-re tal\u00e1lhat\u00f3, a f\u0151v\u00e1rost\u00f3l 45 perc alatt el\u00e9rhet\u0151 kiv\u00e1l\u00f3 k\u00f6zleked\u00e9si lehet\u0151s\u00e9gek mellett, ugyanis az M7 aut\u00f3p\u00e1ly\u00e1r\u00f3l let\u00e9rve mind\u00f6ssze 8 km-t kell megtenni! Sz\u00e9kesfeh\u00e9rv\u00e1rr\u00f3l az \u00fat 10 km, 15 perc alatt megtehet\u0151, \u00edgy az elhelyezked\u00e9s nagyon j\u00f3! A telep\u00fcl\u00e9s nagyon sz\u00e9p, nyugodt, gondozott, rendezett, \u00edgy alkalmas egy nyugodt csal\u00e1di \u00e9letre. Iskola, \u00f3voda, bolt, gy\u00f3gyszert\u00e1r s\u00e9tat\u00e1vols\u00e1gban vannak, az utak j\u00f3k.<\/p>\n<p>Az ingatlan tehermentes, mag\u00e1nszem\u00e9ly tulajdon\u00e1ban van, \u00e9s gyorsan birtokba adhat\u00f3!<br \/>\nJ\u00f6jj\u00f6n el, nem fogja megb\u00e1nni &#8211; \u00edgy saj\u00e1t szem\u00e9vel is l\u00e1thatja majd azt a rengeteg lehet\u0151s\u00e9get, ami ebben az ingatlanban rejlik !!!<br \/>\n\u00c1r: 169,9 MFt<br \/>\nTel:06304006653<\/p>\n","protected":false},"excerpt":{"rendered":"<p>S\u00c1RSZENTMIY\u00c1LYON K\u00c9T BEJ\u00c1RATTAL RENDELKEZ\u0150, EXKLUZ\u00cdV 178 nm CSAL\u00c1DI H\u00c1Z 2100 TELEKKEL, GAR\u00c1ZZSAL, MEDENC\u00c9VEL , PARKOS\u00cdTOTT UDVARRAL ELAD\u00d3!!! A csal\u00e1di h\u00e1z 2013-ban \u00e9p\u00fclt! F\u0171t\u00e9s: als\u00f3 szint padl\u00f3f\u0171t\u00e9s, illetve 2 db kl\u00edma. Fels\u0151 szint: kl\u00edma, infra panelek, minden villany (melegv\u00edz bojler), melyhez t\u00e1rsul egy 13,5 kWp-es napelmes rendszer. Riaszt\u00f3, kamera, elektromos red\u0151ny. Medence: 8X4X1,5 (fesz\u00edtett v\u00edzt\u00fck\u00f6r), napkollektor &hellip;<\/p>\n<p class=\"read-more\"> <a class=\"\" href=\"http:\/\/www.viktoringatlan.hu\/wp\/product\/sarszentmiyalyon-ket-bejarattal-rendelkezo-exkluziv-178-nm-csaladi-haz-2100-telekkel-garazzsal-medencevel-parkositott-udvarral-elado\/\"> <span class=\"screen-reader-text\">S\u00c1RSZENTMIY\u00c1LYON K\u00c9T BEJ\u00c1RATTAL RENDELKEZ\u0150, EXKLUZ\u00cdV 178 nm CSAL\u00c1DI H\u00c1Z 2100 TELEKKEL, GAR\u00c1ZZSAL, MEDENC\u00c9VEL , PARKOS\u00cdTOTT UDVARRAL ELAD\u00d3!!!<\/span> Read More &raquo;<\/a><\/p>\n","protected":false},"featured_media":45743,"comment_status":"open","ping_status":"closed","template":"","meta":[],"product_brand":[],"product_cat":[92,122],"product_tag":[],"class_list":{"0":"post-45742","1":"product","2":"type-product","3":"status-publish","4":"has-post-thumbnail","6":"product_cat-elado","7":"product_cat-elado-haz","9":"first","10":"instock","11":"shipping-taxable","12":"product-type-simple"},"_links":{"self":[{"href":"http:\/\/www.viktoringatlan.hu\/wp\/wp-json\/wp\/v2\/product\/45742","targetHints":{"allow":["GET"]}}],"collection":[{"href":"http:\/\/www.viktoringatlan.hu\/wp\/wp-json\/wp\/v2\/product"}],"about":[{"href":"http:\/\/www.viktoringatlan.hu\/wp\/wp-json\/wp\/v2\/types\/product"}],"replies":[{"embeddable":true,"href":"http:\/\/www.viktoringatlan.hu\/wp\/wp-json\/wp\/v2\/comments?post=45742"}],"wp:featuredmedia":[{"embeddable":true,"href":"http:\/\/www.viktoringatlan.hu\/wp\/wp-json\/wp\/v2\/media\/45743"}],"wp:attachment":[{"href":"http:\/\/www.viktoringatlan.hu\/wp\/wp-json\/wp\/v2\/media?parent=45742"}],"wp:term":[{"taxonomy":"product_brand","embeddable":true,"href":"http:\/\/www.viktoringatlan.hu\/wp\/wp-json\/wp\/v2\/product_brand?post=45742"},{"taxonomy":"product_cat","embeddable":true,"href":"http:\/\/www.viktoringatlan.hu\/wp\/wp-json\/wp\/v2\/product_cat?post=45742"},{"taxonomy":"product_tag","embeddable":true,"href":"http:\/\/www.viktoringatlan.hu\/wp\/wp-json\/wp\/v2\/product_tag?post=45742"}],"curies":[{"name":"wp","href":"https:\/\/api.w.org\/{rel}","templated":true}]}}