{"id":46162,"date":"2025-04-10T10:25:54","date_gmt":"2025-04-10T10:25:54","guid":{"rendered":"http:\/\/www.viktoringatlan.hu\/wp\/?post_type=product&#038;p=46162"},"modified":"2025-04-10T10:25:55","modified_gmt":"2025-04-10T10:25:55","slug":"velencen-exkluziv-csaladi-haz-elado","status":"publish","type":"product","link":"http:\/\/www.viktoringatlan.hu\/wp\/product\/velencen-exkluziv-csaladi-haz-elado\/","title":{"rendered":"VELENC\u00c9N EXKLUZ\u00cdV CSAL\u00c1DI H\u00c1Z ELAD\u00d3 !!!"},"content":{"rendered":"<div class=\"html-div xdj266r x11i5rnm xat24cr x1mh8g0r xexx8yu x4uap5 x18d9i69 xkhd6sd\">\n<div class=\"html-div xdj266r x11i5rnm xat24cr x1mh8g0r xexx8yu x4uap5 x18d9i69 xkhd6sd\" dir=\"auto\">\n<div class=\"html-div xdj266r x11i5rnm xat24cr x1mh8g0r xexx8yu x4uap5 x18d9i69 xkhd6sd\" data-ad-rendering-role=\"story_message\">\n<div id=\"\u00abrl3\u00bb\" class=\"x1l90r2v x1iorvi4 x1ye3gou xn6708d\" data-ad-comet-preview=\"message\" data-ad-preview=\"message\">\n<div class=\"x78zum5 xdt5ytf xz62fqu x16ldp7u\">\n<div class=\"xu06os2 x1ok221b\">\n<div class=\"xdj266r x11i5rnm xat24cr x1mh8g0r x1vvkbs x126k92a\">\n<div dir=\"auto\">VELENC\u00c9N EXKL\u00daZ\u00cdV CSAL\u00c1DI H\u00c1Z ELAD\u00d3 !!!<\/div>\n<\/div>\n<div class=\"x11i5rnm xat24cr x1mh8g0r x1vvkbs xtlvy1s x126k92a\">\n<div dir=\"auto\">Velence egyik k\u00f6zkedvelt r\u00e9sz\u00e9n a Kertalja utc\u00e1ban, medenc\u00e9s 250 nm csal\u00e0di h\u00e1z , 80 nm vend\u00e9gh\u00e1zzal, dupla telken , 90 nm gar\u00e1zzsal , wellness r\u00e9szleggel , meg\u00fajul\u00f3 energi\u00e1val , modern g\u00e9p\u00e9szettel , otthonos berendez\u00e9ssel , luxus csal\u00e1di h\u00e1z v\u00e1rja \u00faj tulajdonos\u00e1t!<\/div>\n<\/div>\n<div class=\"x11i5rnm xat24cr x1mh8g0r x1vvkbs xtlvy1s x126k92a\">\n<div dir=\"auto\">Ez a leny\u0171g\u00f6z\u0151, 250 m2 nett\u00f3 alapter\u00fclet\u0171 ingatlan k\u00e9t szinten helyezkedik el, exkluz\u00edv k\u00e9nyelmet ny\u00fajtva minden egyes r\u00e9szlet\u00e9ben.<\/div>\n<\/div>\n<div class=\"x11i5rnm xat24cr x1mh8g0r x1vvkbs xtlvy1s x126k92a\">\n<div dir=\"auto\">Az udvaron tal\u00e1lhat\u00f3 egy hangulatos wellness ter\u00fclet, melyben szauna \u00e9s medence garant\u00e1lja a kikapcsol\u00f3d\u00e1st.<\/div>\n<div dir=\"auto\">Az udvaron m\u00e9g egy k\u00fcl\u00f6n bej\u00e1rat\u00fa, lakr\u00e9sz kap helyet , melyet ak\u00e1r irodak\u00e9nt, st\u00fadi\u00f3k\u00e9nt, szalonk\u00e9nt is haszn\u00e1lhatunk.<\/div>\n<\/div>\n<div class=\"x11i5rnm xat24cr x1mh8g0r x1vvkbs xtlvy1s x126k92a\">\n<div dir=\"auto\">A f\u00f6ldszinten az amerikai konyh\u00e1s nappali, egy h\u00e1l\u00f3, egy luxus f\u00fcrd\u0151szoba, egy k\u00fcl\u00f6n vend\u00e9g WC, tal\u00e1lhat\u00f3. A nappalihoz egy kellemes m\u00e9ret\u0171 terasz is csatlakozik, ide\u00e1lis ny\u00e1ri kikapcsol\u00f3d\u00e1shoz \u00e9s s\u00fct\u00f6get\u00e9shez. A t\u00f6bb aut\u00f3s k\u00f6zel 100 nm gar\u00e1zs, mely k\u00e9nyelmesen befogad m\u00e9g k\u00e9t motort is, szint\u00e9n emeli a vend\u00e9gek komfort\u00e9rzet\u00e9t .<\/div>\n<div dir=\"auto\">A fels\u0151 szinten egy tov\u00e1bbi nappali, h\u00e1rom h\u00e1l\u00f3szoba, egy zuhanyz\u00f3s luxus k\u00e1das f\u00fcrd\u0151 \u00e9s t\u00f6bb gardr\u00f3b \u00e1ll rendelkez\u00e9sre. A h\u00e1z meleg\u00e9r\u0151l \u00faj kondenz\u00e1ci\u00f3s kaz\u00e1n gondoskodik, ezen k\u00edv\u00fcl elektromos kaz\u00e1n inverteres h\u0171t\u0151-f\u0171t\u0151 kl\u00edma is be\u00e9p\u00edt\u00e9sre ker\u00fclt. A teljes elektromos fogyaszt\u00e1s fedez\u00e9s\u00e9re napelem rendszer lett telep\u00edtve a jelenleg legmodernebb hybrid inverterrel, akku csatlakoztat\u00e1s lehet\u0151s\u00e9ggel.<\/div>\n<div dir=\"auto\">Az \u00e9p\u00fclet k\u00edv\u00fclr\u0151l 15 cm vastag grafit alap\u00fa LB Knauf t\u00edpus\u00fa h\u0151szigetel\u00e9ssel \u00e9s extra tet\u0151szigetel\u00e9ssel lett ell\u00e1tva. Elektromos, t\u00e1vez\u00e9rl\u0151s kertkapu \u00e9s gar\u00e1zskapu, valamint elektromos red\u0151nyok szint\u00e9n a k\u00e9nyelmet szolg\u00e1lj\u00e1k. A biztons\u00e1gr\u00f3l t\u00e1vfel\u00fcgyelettel ell\u00e1tott riaszt\u00f3 rendszer gondoskodik. Az udvaron gyerekeknek lehet\u0151s\u00e9g van edz\u00e9sre, m\u00e1sz\u00f3ka haszn\u00e1lat\u00e1ra (sportol\u00e1sra)de ak\u00e1r egyszer\u0171en csak pihenhet\u00fcnk a f\u00e1k \u00e1rny\u00e9k\u00e1ban. A 80 nm vend\u00e9gh\u00e1zban Ig\u00e9ny szerinti \u00faj, modern, g\u00e9pes\u00edtett konyha, valamint nappali, 2 szoba, f\u00fcrd\u0151szoba, wc, terasz lett kialak\u00edtva.<\/div>\n<div dir=\"auto\">Ez az otthon minden ig\u00e9nyt kiel\u00e9g\u00edt \u00e9s t\u00f6k\u00e9letes v\u00e1laszt\u00e1s azoknak, akik luxus \u00e9s k\u00e9nyelem mellett v\u00e1gynak egy csendes, b\u00e1jos k\u00f6rnyezetre. Ne hagyja ki ezt a fantasztikus lehet\u0151s\u00e9get!<\/div>\n<div dir=\"auto\">Ir\u00e1ny\u00e1r: 349MFt<\/div>\n<div dir=\"auto\">Tel: 06304006653<\/div>\n<\/div>\n<\/div>\n<\/div>\n<\/div>\n<\/div>\n<\/div>\n<div id=\"\u00abrl4\u00bb\" class=\"html-div xdj266r x11i5rnm xat24cr x1mh8g0r xexx8yu x4uap5 x18d9i69 xkhd6sd x1n2onr6\">\n<div class=\"html-div xdj266r x11i5rnm xat24cr x1mh8g0r xexx8yu x4uap5 x18d9i69 xkhd6sd x1n2onr6\">\n<div class=\"html-div xdj266r x11i5rnm xat24cr x1mh8g0r xexx8yu x4uap5 x18d9i69 xkhd6sd\">\n<div class=\"x1n2onr6\">\n<div class=\"x1n2onr6\">\n<div class=\"x6ikm8r x10wlt62 x10l6tqk\">\n<div class=\"html-div xdj266r x11i5rnm xat24cr x1mh8g0r xexx8yu x4uap5 x18d9i69 xkhd6sd x6ikm8r x10wlt62\">\n<div class=\"xqtp20y x6ikm8r x10wlt62 x1n2onr6\">\n<div class=\"x10l6tqk x13vifvy\"><img decoding=\"async\" class=\"xz74otr x168nmei x13lgxp2 x5pf9jr xo71vjh x1ey2m1c xds687c x5yr21d x10l6tqk x17qophe x13vifvy xh8yej3\" src=\"https:\/\/scontent.fbud7-3.fna.fbcdn.net\/v\/t39.30808-6\/486695631_23885799961022206_3008028365777721560_n.jpg?stp=cp6_dst-jpg_s600x600_tt6&amp;_nc_cat=109&amp;ccb=1-7&amp;_nc_sid=833d8c&amp;_nc_ohc=4hjX2mKMFEMQ7kNvwHAYWYz&amp;_nc_oc=AdnPusjl0vwzJob3gelwjqOdRr9NIFBGibsd1EWaa4RVDy2tI6dOGapJdcnlLXcieTnfVjcRkRdCgBi4UVC_6Hq-&amp;_nc_zt=23&amp;_nc_ht=scontent.fbud7-3.fna&amp;_nc_gid=ym9Ia5rhTPYZ2dRaw5ZADw&amp;oh=00_AfGZYaViLeETF3fDRBEEI4gj9FGCVXdIv449JzvqUweJNw&amp;oe=67FD51C5\" alt=\"\" \/><\/div>\n<\/div>\n<div class=\"html-div xdj266r x11i5rnm xat24cr x1mh8g0r xexx8yu x4uap5 x18d9i69 xkhd6sd x1nb4dca x1q0q8m5 xso031l x1exxf4d x13fuv20 x178xt8z x1ey2m1c x9f619 xds687c x47corl x10l6tqk x17qophe x13vifvy\"><\/div>\n<\/div>\n<div class=\"x1ey2m1c xds687c x17qophe xg01cxk x47corl x10l6tqk x13vifvy x1ebt8du x19991ni x1dhq9h x1o1ewxj x3x9cwd x1e5q0jg x13rtm0m\" role=\"none\" data-visualcompletion=\"ignore\"><\/div>\n<\/div>\n<div class=\"x6ikm8r x10wlt62 x10l6tqk\">\n<div class=\"html-div xdj266r x11i5rnm xat24cr x1mh8g0r xexx8yu x4uap5 x18d9i69 xkhd6sd x6ikm8r x10wlt62\">\n<div class=\"xqtp20y x6ikm8r x10wlt62 x1n2onr6\">\n<div class=\"x10l6tqk x13vifvy\"><img decoding=\"async\" class=\"xz74otr x168nmei x13lgxp2 x5pf9jr xo71vjh x1ey2m1c xds687c x5yr21d x10l6tqk x17qophe x13vifvy xh8yej3\" src=\"https:\/\/scontent.fbud7-3.fna.fbcdn.net\/v\/t39.30808-6\/486163102_23885801441022058_5920268730968980949_n.jpg?stp=cp6_dst-jpg_s600x600_tt6&amp;_nc_cat=103&amp;ccb=1-7&amp;_nc_sid=833d8c&amp;_nc_ohc=XsRGF8ISyP0Q7kNvwGXJK_T&amp;_nc_oc=AdmIECQvbOkGSPSH_OtG2CDko3llRE7wGepwMUTc5hzarP0inw__4rrhP0_LM5GUjtUT8rNPD45f0zb30m3ZTeM7&amp;_nc_zt=23&amp;_nc_ht=scontent.fbud7-3.fna&amp;_nc_gid=ym9Ia5rhTPYZ2dRaw5ZADw&amp;oh=00_AfFul-6wwHPWG2UcmDLkroKTJmRQkTH51fFZKYzyCw88Sw&amp;oe=67FD80FB\" alt=\"\" \/><\/div>\n<\/div>\n<div class=\"html-div xdj266r x11i5rnm xat24cr x1mh8g0r xexx8yu x4uap5 x18d9i69 xkhd6sd x1nb4dca x1q0q8m5 xso031l x1exxf4d x13fuv20 x178xt8z x1ey2m1c x9f619 xds687c x47corl x10l6tqk x17qophe x13vifvy\"><\/div>\n<\/div>\n<div class=\"x1ey2m1c xds687c x17qophe xg01cxk x47corl x10l6tqk x13vifvy x1ebt8du x19991ni x1dhq9h x1o1ewxj x3x9cwd x1e5q0jg x13rtm0m\" role=\"none\" data-visualcompletion=\"ignore\"><\/div>\n<\/div>\n<div class=\"x6ikm8r x10wlt62 x10l6tqk\">\n<div class=\"html-div xdj266r x11i5rnm xat24cr x1mh8g0r xexx8yu x4uap5 x18d9i69 xkhd6sd x6ikm8r x10wlt62\">\n<div class=\"xqtp20y x6ikm8r x10wlt62 x1n2onr6\">\n<div class=\"x10l6tqk x13vifvy\"><img decoding=\"async\" class=\"xz74otr x168nmei x13lgxp2 x5pf9jr xo71vjh x1ey2m1c xds687c x5yr21d x10l6tqk x17qophe x13vifvy xh8yej3\" src=\"https:\/\/scontent.fbud7-4.fna.fbcdn.net\/v\/t39.30808-6\/486754840_23885801321022070_6385446646514104888_n.jpg?stp=cp6_dst-jpg_s600x600_tt6&amp;_nc_cat=106&amp;ccb=1-7&amp;_nc_sid=833d8c&amp;_nc_ohc=LcQkiJDyZNEQ7kNvwFuBIdD&amp;_nc_oc=Adn1XOkTn4D-jwXHPAu_LTX6K7lPVoRRCnfX78eimj6WcvlFBSOBAJ3CdWavF2QSB6wMm5K9C0b3vGijlHJM1Z4C&amp;_nc_zt=23&amp;_nc_ht=scontent.fbud7-4.fna&amp;_nc_gid=ym9Ia5rhTPYZ2dRaw5ZADw&amp;oh=00_AfFh1v4P5f6B-NdfUQxd7x6pX8TTuVZskMIaTw8xNzIexg&amp;oe=67FD64C4\" alt=\"\" \/><\/div>\n<\/div>\n<div class=\"html-div xdj266r x11i5rnm xat24cr x1mh8g0r xexx8yu x4uap5 x18d9i69 xkhd6sd x1nb4dca x1q0q8m5 xso031l x1exxf4d x13fuv20 x178xt8z x1ey2m1c x9f619 xds687c x47corl x10l6tqk x17qophe x13vifvy\"><\/div>\n<\/div>\n<div class=\"x1ey2m1c xds687c x17qophe xg01cxk x47corl x10l6tqk x13vifvy x1ebt8du x19991ni x1dhq9h x1o1ewxj x3x9cwd x1e5q0jg x13rtm0m\" role=\"none\" data-visualcompletion=\"ignore\"><\/div>\n<\/div>\n<div class=\"x6ikm8r x10wlt62 x10l6tqk\">\n<div class=\"html-div xdj266r x11i5rnm xat24cr x1mh8g0r xexx8yu x4uap5 x18d9i69 xkhd6sd x6ikm8r x10wlt62\">\n<div class=\"xqtp20y x6ikm8r x10wlt62 x1n2onr6\">\n<div class=\"x10l6tqk x13vifvy\"><img decoding=\"async\" class=\"xz74otr x168nmei x13lgxp2 x5pf9jr xo71vjh x1ey2m1c xds687c x5yr21d x10l6tqk x17qophe x13vifvy xh8yej3\" src=\"https:\/\/scontent.fbud7-4.fna.fbcdn.net\/v\/t39.30808-6\/486115775_23885800424355493_5003920999221026061_n.jpg?stp=cp6_dst-jpg_s600x600_tt6&amp;_nc_cat=101&amp;ccb=1-7&amp;_nc_sid=833d8c&amp;_nc_ohc=yOznW2nA_ZIQ7kNvwGWn3Cn&amp;_nc_oc=AdmybAHbKwjFK0fvaAVpPghK1VMcKDjX5SmIygQHwy47IrJazfs4oluL_tKak-Xv1Tt3XWFbMUqaasbwVvBWYdKR&amp;_nc_zt=23&amp;_nc_ht=scontent.fbud7-4.fna&amp;_nc_gid=ym9Ia5rhTPYZ2dRaw5ZADw&amp;oh=00_AfH3GpP7oOzwe4cvfGEIHYf0IyiDI8W3WwzZ52Nx7rAJHg&amp;oe=67FD544C\" alt=\"\" \/><\/div>\n<\/div>\n<div class=\"html-div xdj266r x11i5rnm xat24cr x1mh8g0r xexx8yu x4uap5 x18d9i69 xkhd6sd x1nb4dca x1q0q8m5 xso031l x1exxf4d x13fuv20 x178xt8z x1ey2m1c x9f619 xds687c x47corl x10l6tqk x17qophe x13vifvy\"><\/div>\n<\/div>\n<div class=\"x1ey2m1c xds687c x17qophe xg01cxk x47corl x10l6tqk x13vifvy x1ebt8du x19991ni x1dhq9h x1o1ewxj x3x9cwd x1e5q0jg x13rtm0m\" role=\"none\" data-visualcompletion=\"ignore\"><\/div>\n<\/div>\n<div class=\"x6ikm8r x10wlt62 x10l6tqk\">\n<div class=\"html-div xdj266r x11i5rnm xat24cr x1mh8g0r xexx8yu x4uap5 x18d9i69 xkhd6sd x6ikm8r x10wlt62\">\n<div class=\"xqtp20y x6ikm8r x10wlt62 x1n2onr6\">\n<div class=\"x10l6tqk x13vifvy\"><img decoding=\"async\" class=\"xz74otr x168nmei x13lgxp2 x5pf9jr xo71vjh x1ey2m1c xds687c x5yr21d x10l6tqk x17qophe x13vifvy xh8yej3\" src=\"https:\/\/scontent.fbud7-3.fna.fbcdn.net\/v\/t39.30808-6\/488696936_23885673241034878_6052163554289560013_n.jpg?stp=cp6_dst-jpg_s600x600_tt6&amp;_nc_cat=107&amp;ccb=1-7&amp;_nc_sid=833d8c&amp;_nc_ohc=6IgcWSt35QsQ7kNvwFQk1Qp&amp;_nc_oc=Admz6myAdE-SPxD0waLIA7MrDgIOuwz0KZVsDcbNhPuNg_6jJuU2BT7Vf8tMhSzyWvzaUfTyCShNqoqVojLJ81HH&amp;_nc_zt=23&amp;_nc_ht=scontent.fbud7-3.fna&amp;_nc_gid=ym9Ia5rhTPYZ2dRaw5ZADw&amp;oh=00_AfFrYRjqoq4iwb6w5aFECw6pmrbz5kvs0SV7tQX7eS49SQ&amp;oe=67FD56F3\" alt=\"\" \/><\/div>\n<\/div>\n<div class=\"html-div xdj266r x11i5rnm xat24cr x1mh8g0r xexx8yu x4uap5 x18d9i69 xkhd6sd x1nb4dca x1q0q8m5 xso031l x1exxf4d x13fuv20 x178xt8z x1ey2m1c x9f619 xds687c x47corl x10l6tqk x17qophe x13vifvy\"><\/div>\n<\/div>\n<div class=\"x6s0dn4 x18l40ae x1ey2m1c x78zum5 xds687c xdt5ytf xl56j7k x47corl x10l6tqk x17qophe x13vifvy\">\n<div class=\"x17z8epw x579bpy x1s688f x2b8uid\">+30<\/div>\n<\/div>\n<div class=\"x1ey2m1c xds687c x17qophe xg01cxk x47corl x10l6tqk x13vifvy x1ebt8du x19991ni x1dhq9h x1o1ewxj x3x9cwd x1e5q0jg x13rtm0m\" role=\"none\" data-visualcompletion=\"ignore\"><\/div>\n<\/div>\n<\/div>\n<\/div>\n<\/div>\n<\/div>\n<div class=\"html-div xdj266r x11i5rnm xat24cr x1mh8g0r xexx8yu x4uap5 x18d9i69 xkhd6sd x6ikm8r x10wlt62\"><\/div>\n<\/div>\n<\/div>\n<div>\n<div class=\"xabvvm4 xeyy32k x1ia1hqs x1a2w583 x6ikm8r x10wlt62\" data-visualcompletion=\"ignore-dynamic\">\n<div>\n<div>\n<div>\n<div class=\"x1n2onr6\">\n<div class=\"x6s0dn4 xi81zsa x78zum5 x6prxxf x13a6bvl xvq8zen xdj266r xat24cr xkhd6sd x4uap5 x80vd3b x1q0q8m5 xso031l x16n37ib xq8finb x10b6aqq x1yrsyyn\">\n<div class=\"x6s0dn4 x78zum5 x1iyjqo2 x6ikm8r x10wlt62\">\n<div class=\"x1i10hfl x1qjc9v5 xjbqb8w xjqpnuy xa49m3k xqeqjp1 x2hbi6w x13fuv20 xu3j5b3 x1q0q8m5 x26u7qi x972fbf xcfux6l x1qhh985 xm0m39n x9f619 x1ypdohk xdl72j9 x2lah0s xe8uvvx xdj266r x11i5rnm xat24cr x1mh8g0r x2lwn1j xeuugli xexx8yu x4uap5 x18d9i69 xkhd6sd x1n2onr6 x16tdsg8 x1hl2dhg xggy1nq x1ja2u2z x1t137rt x1o1ewxj x3x9cwd x1e5q0jg x13rtm0m x3nfvp2 x1q0g3np x87ps6o x1lku1pv x1a2a7pz\" tabindex=\"0\" role=\"button\" aria-label=\"Tetszik: 13 ember\"><img decoding=\"async\" class=\"x16dsc37\" role=\"presentation\" src=\"data:;base64,<svg fill='none' xmlns='http:\/\/www.w3.org\/2000\/svg' viewBox='0 0 16 16'><path d='M16.0001 7.9996c0 4.418-3.5815 7.9996-7.9995 7.9996S.001 12.4176.001 7.9996 3.5825 0 8.0006 0C12.4186 0 16 3.5815 16 7.9996Z' fill='url(#paint0_linear_15251_63610)'\/><path d='M16.0001 7.9996c0 4.418-3.5815 7.9996-7.9995 7.9996S.001 12.4176.001 7.9996 3.5825 0 8.0006 0C12.4186 0 16 3.5815 16 7.9996Z' fill='url(#paint1_radial_15251_63610)'\/><path d='M16.0001 7.9996c0 4.418-3.5815 7.9996-7.9995 7.9996S.001 12.4176.001 7.9996 3.5825 0 8.0006 0C12.4186 0 16 3.5815 16 7.9996Z' fill='url(#paint2_radial_15251_63610)' fill-opacity='.5'\/><path d='M7.3014 3.8662a.6974.6974 0 0 1 .6974-.6977c.6742 0 1.2207.5465 1.2207 1.2206v1.7464a.101.101 0 0 0 .101.101h1.7953c.992 0 1.7232.9273 1.4917 1.892l-.4572 1.9047a2.301 2.301 0 0 1-2.2374 1.764H6.9185a.5752.5752 0 0 1-.5752-.5752V7.7384c0-.4168.097-.8278.2834-1.2005l.2856-.5712a3.6878 3.6878 0 0 0 .3893-1.6509l-.0002-.4496ZM4.367 7a.767.767 0 0 0-.7669.767v3.2598a.767.767 0 0 0 .767.767h.767a.3835.3835 0 0 0 .3835-.3835V7.3835A.3835.3835 0 0 0 5.134 7h-.767Z' fill='#fff'\/><defs><radialGradient id='paint1_radial_15251_63610' cx='0' cy='0' r='1' gradientUnits='userSpaceOnUse' gradientTransform='rotate(90 .0005 8) scale(7.99958)'><stop offset='.5618' stop-color='#0866FF' stop-opacity='0'\/><stop offset='1' stop-color='#0866FF' stop-opacity='.1'\/><\/radialGradient><radialGradient id='paint2_radial_15251_63610' cx='0' cy='0' r='1' gradientUnits='userSpaceOnUse' gradientTransform='rotate(45 -4.5257 10.9237) scale(10.1818)'><stop offset='.3143' stop-color='#02ADFC'\/><stop offset='1' stop-color='#02ADFC' stop-opacity='0'\/><\/radialGradient> \t<linearGradient id='paint0_linear_15251_63610' x1='2.3989' y1='2.3999' x2='13.5983' y2='13.5993' gradientUnits='userSpaceOnUse'><stop stop-color='#02ADFC'\/><stop offset='.5' stop-color='#0866FF'\/><stop offset='1' stop-color='#2B7EFF'\/><\/linearGradient><\/defs><\/svg>&#8221; width=&#8221;18&#8243; height=&#8221;18&#8243; \/><\/div>\n<div>\n<div class=\"x1i10hfl xjbqb8w x1ejq31n xd10rxx x1sy0etr x17r0tee x972fbf xcfux6l x1qhh985 xm0m39n x9f619 x1ypdohk xe8uvvx xdj266r x11i5rnm xat24cr x1mh8g0r xexx8yu x4uap5 x18d9i69 xkhd6sd x16tdsg8 x1hl2dhg xggy1nq x1o1ewxj x3x9cwd x1e5q0jg x13rtm0m x1n2onr6 x87ps6o x1lku1pv x1a2a7pz x1heor9g xnl1qt8 x6ikm8r x10wlt62 x1vjfegm x1lliihq\" tabindex=\"0\" role=\"button\">\n<div class=\"x9f619 x1ja2u2z xzpqnlu x1hyvwdk x14bfe9o xjm9jq1 x6ikm8r x10wlt62 x10l6tqk x1i1rx1s\">Az \u00f6sszes reakci\u00f3:<\/div>\n<p><span class=\"xrbpyxo x6ikm8r x10wlt62 xlyipyv x1exxlbk\" aria-hidden=\"true\"><span class=\"xt0b8zv x1e558r4\">13<\/span><\/span><span class=\"xt0b8zv x1jx94hy xrbpyxo xl423tq\"><span class=\"x1e558r4\">Nehrer Zsuzsa, J\u00e1nos Keller\u00a0\u00e9s\u00a0tov\u00e1bbi 11 ember<\/span><\/span><\/div>\n<\/div>\n<\/div>\n<div class=\"x9f619 x1ja2u2z x78zum5 x2lah0s x1n2onr6 x1qughib x1qjc9v5 xozqiw3 x1q0g3np xykv574 xbmpl8g x4cne27 xifccgj x123j3cw xs9asl8\"><\/div>\n<\/div>\n<\/div>\n<\/div>\n<\/div>\n<\/div>\n<\/div>\n<\/div>\n","protected":false},"excerpt":{"rendered":"<p>VELENC\u00c9N EXKL\u00daZ\u00cdV CSAL\u00c1DI H\u00c1Z ELAD\u00d3 !!! Velence egyik k\u00f6zkedvelt r\u00e9sz\u00e9n a Kertalja utc\u00e1ban, medenc\u00e9s 250 nm csal\u00e0di h\u00e1z , 80 nm vend\u00e9gh\u00e1zzal, dupla telken , 90 nm gar\u00e1zzsal , wellness r\u00e9szleggel , meg\u00fajul\u00f3 energi\u00e1val , modern g\u00e9p\u00e9szettel , otthonos berendez\u00e9ssel , luxus csal\u00e1di h\u00e1z v\u00e1rja \u00faj tulajdonos\u00e1t! Ez a leny\u0171g\u00f6z\u0151, 250 m2 nett\u00f3 alapter\u00fclet\u0171 ingatlan &hellip;<\/p>\n<p class=\"read-more\"> <a class=\"\" href=\"http:\/\/www.viktoringatlan.hu\/wp\/product\/velencen-exkluziv-csaladi-haz-elado\/\"> <span class=\"screen-reader-text\">VELENC\u00c9N EXKLUZ\u00cdV CSAL\u00c1DI H\u00c1Z ELAD\u00d3 !!!<\/span> Read More &raquo;<\/a><\/p>\n","protected":false},"featured_media":46163,"comment_status":"open","ping_status":"closed","template":"","meta":[],"product_brand":[],"product_cat":[92,122,422],"product_tag":[],"class_list":{"0":"post-46162","1":"product","2":"type-product","3":"status-publish","4":"has-post-thumbnail","6":"product_cat-elado","7":"product_cat-elado-haz","8":"product_cat-fejer-megye","10":"first","11":"instock","12":"shipping-taxable","13":"product-type-simple"},"_links":{"self":[{"href":"http:\/\/www.viktoringatlan.hu\/wp\/wp-json\/wp\/v2\/product\/46162","targetHints":{"allow":["GET"]}}],"collection":[{"href":"http:\/\/www.viktoringatlan.hu\/wp\/wp-json\/wp\/v2\/product"}],"about":[{"href":"http:\/\/www.viktoringatlan.hu\/wp\/wp-json\/wp\/v2\/types\/product"}],"replies":[{"embeddable":true,"href":"http:\/\/www.viktoringatlan.hu\/wp\/wp-json\/wp\/v2\/comments?post=46162"}],"wp:featuredmedia":[{"embeddable":true,"href":"http:\/\/www.viktoringatlan.hu\/wp\/wp-json\/wp\/v2\/media\/46163"}],"wp:attachment":[{"href":"http:\/\/www.viktoringatlan.hu\/wp\/wp-json\/wp\/v2\/media?parent=46162"}],"wp:term":[{"taxonomy":"product_brand","embeddable":true,"href":"http:\/\/www.viktoringatlan.hu\/wp\/wp-json\/wp\/v2\/product_brand?post=46162"},{"taxonomy":"product_cat","embeddable":true,"href":"http:\/\/www.viktoringatlan.hu\/wp\/wp-json\/wp\/v2\/product_cat?post=46162"},{"taxonomy":"product_tag","embeddable":true,"href":"http:\/\/www.viktoringatlan.hu\/wp\/wp-json\/wp\/v2\/product_tag?post=46162"}],"curies":[{"name":"wp","href":"https:\/\/api.w.org\/{rel}","templated":true}]}}