{"id":46214,"date":"2025-04-10T15:26:25","date_gmt":"2025-04-10T15:26:25","guid":{"rendered":"http:\/\/www.viktoringatlan.hu\/wp\/?post_type=product&#038;p=46214"},"modified":"2025-04-10T15:26:25","modified_gmt":"2025-04-10T15:26:25","slug":"velencen-exkluziv-elmenykozpont-elado","status":"publish","type":"product","link":"http:\/\/www.viktoringatlan.hu\/wp\/product\/velencen-exkluziv-elmenykozpont-elado\/","title":{"rendered":"VELENC\u00c9N EXKLUZ\u00cdV  \u00c9LM\u00c9NYK\u00d6ZPONT ELAD\u00d3 !!!"},"content":{"rendered":"<div class=\"html-div xdj266r x11i5rnm xat24cr x1mh8g0r xexx8yu x4uap5 x18d9i69 xkhd6sd\">\n<div class=\"html-div xdj266r xat24cr xexx8yu x4uap5 x18d9i69 xkhd6sd x1jx94hy x8cjs6t x1ch86jh x80vd3b xckqwgs x13fuv20 xu3j5b3 x1q0q8m5 x26u7qi x178xt8z xm81vs4 xso031l xy80clv x5jnaft xyy1qs0 x4jtdaj x1n9q4l3 x6ikm8r x10wlt62 x16n37ib xq8finb\">\n<div class=\"html-div x11i5rnm xat24cr x1mh8g0r xexx8yu x4uap5 x18d9i69 xkhd6sd x1y332i5\">\n<div class=\"html-div xdj266r x11i5rnm xat24cr x1mh8g0r xexx8yu x4uap5 x18d9i69 xkhd6sd\" dir=\"auto\">\n<div class=\"html-div xdj266r x11i5rnm xat24cr x1mh8g0r xexx8yu x4uap5 x18d9i69 xkhd6sd\" dir=\"auto\">\n<div class=\"html-div xdj266r x11i5rnm xat24cr x1mh8g0r xexx8yu x4uap5 x18d9i69 xkhd6sd\" data-ad-rendering-role=\"story_message\">\n<div class=\"x1l90r2v x1iorvi4 x1ye3gou xn6708d\" data-ad-comet-preview=\"message\" data-ad-preview=\"message\">\n<div class=\"x78zum5 xdt5ytf xz62fqu x16ldp7u\">\n<div class=\"xu06os2 x1ok221b\">\n<div class=\"xdj266r x11i5rnm xat24cr x1mh8g0r x1vvkbs x126k92a\">\n<div dir=\"auto\">VELENC\u00c9N EXKLUZ\u00cdV \u00c9LM\u00c9NYK\u00d6ZPONT ELAD\u00d3 !!!<\/div>\n<\/div>\n<div class=\"x11i5rnm xat24cr x1mh8g0r x1vvkbs xtlvy1s x126k92a\">\n<div dir=\"auto\">Az ingatlan f\u0151bb jellemz\u0151i:<\/div>\n<div dir=\"auto\">&#8211; \u00c9p\u00edt\u00e9s \u00e9ve: 2007<\/div>\n<div dir=\"auto\">&#8211; \u00c1talak\u00edt\u00e1s, fel\u00faj\u00edt\u00e1s: 2018-ban<\/div>\n<div dir=\"auto\">&#8211; Elhelyezked\u00e9s: Csendes utc\u00e1ban, a Velence Korz\u00f3 \u00e9s csal\u00e1dbar\u00e1t szabad strand kellemes s\u00e9t\u00e1ra (kb. 15 perc) tal\u00e1lhat\u00f3 (homokos partszakasz, kellemes s\u00e9t\u00e1nyok, k\u00e9t modern j\u00e1tsz\u00f3t\u00e9r, \u00e9ttermek, kiszolg\u00e1l\u00f3 egys\u00e9gek, bev\u00e1s\u00e1rl\u00e1si lehet\u0151s\u00e9g)<\/div>\n<div dir=\"auto\">&#8211; Telek: Lak\u00f3\u00f6vezeti, 719 m2, tiszta, rendezett udvar\u00fa.<\/div>\n<div dir=\"auto\">&#8211; Az \u00e9p\u00fclet falazata ytong t\u00e9gla.<\/div>\n<div dir=\"auto\">&#8211; F\u0171t\u00e9s\u00e9r\u0151l g\u00e1z cirk\u00f3 \u00e9s h\u0171t\u0151-f\u0171t\u0151 kl\u00edma berendez\u00e9sek gondoskodnak.<\/div>\n<div dir=\"auto\">&#8211; H\u00e1rom k\u00fcl\u00f6n bej\u00e1rat\u00fa lak\u00e1s, apartman!<\/div>\n<div dir=\"auto\">&#8211; 50 m2-es rendezv\u00e9ny terem! Ide\u00e1lis csoportos tr\u00e9ningekre, irod\u00e1nak, mag\u00e1nrendezv\u00e9nyekre!<\/div>\n<div dir=\"auto\">&#8211; D\u00edjmentes hitel\u00fcgyint\u00e9z\u00e9s \u00fcgyfeleink r\u00e9sz\u00e9re!<\/div>\n<div dir=\"auto\">&#8211; Kiv\u00e1l\u00f3 befektet\u00e9si lehet\u0151s\u00e9g a Velencei-t\u00f3n\u00e1l!<\/div>\n<\/div>\n<div class=\"x11i5rnm xat24cr x1mh8g0r x1vvkbs xtlvy1s x126k92a\">\n<div dir=\"auto\">Amennyiben az ingatlan felkeltette az \u00e9rdekl\u0151d\u00e9s\u00e9t, vagy b\u0151vebb inform\u00e1ci\u00f3t szeretne, k\u00e9rem keressen el\u00e9rhet\u0151s\u00e9gem valamelyik\u00e9n!<\/div>\n<\/div>\n<div class=\"x11i5rnm xat24cr x1mh8g0r x1vvkbs xtlvy1s x126k92a\">\n<div dir=\"auto\">\u00c1R: 210 MFt<\/div>\n<div dir=\"auto\"><\/div>\n<\/div>\n<\/div>\n<\/div>\n<\/div>\n<\/div>\n<\/div>\n<\/div>\n<\/div>\n<\/div>\n<\/div>\n<div>\n<div class=\"xabvvm4 xeyy32k x1ia1hqs x1a2w583 x6ikm8r x10wlt62\" data-visualcompletion=\"ignore-dynamic\">\n<div class=\"x1n2onr6\">\n<div class=\"x6s0dn4 xi81zsa x78zum5 x6prxxf x13a6bvl xvq8zen xdj266r xat24cr xkhd6sd x4uap5 x80vd3b x1q0q8m5 xso031l x16n37ib xq8finb x10b6aqq x1yrsyyn\">\n<div class=\"x1c4vz4f x2lah0s xci0xqf\"><\/div>\n<div class=\"x9f619 x1ja2u2z x78zum5 x2lah0s x1n2onr6 x1qughib x1qjc9v5 xozqiw3 x1q0g3np xykv574 xbmpl8g x4cne27 xifccgj x123j3cw xs9asl8\"><\/div>\n<\/div>\n<\/div>\n<\/div>\n<\/div>\n","protected":false},"excerpt":{"rendered":"<p>VELENC\u00c9N EXKLUZ\u00cdV \u00c9LM\u00c9NYK\u00d6ZPONT ELAD\u00d3 !!! Az ingatlan f\u0151bb jellemz\u0151i: &#8211; \u00c9p\u00edt\u00e9s \u00e9ve: 2007 &#8211; \u00c1talak\u00edt\u00e1s, fel\u00faj\u00edt\u00e1s: 2018-ban &#8211; Elhelyezked\u00e9s: Csendes utc\u00e1ban, a Velence Korz\u00f3 \u00e9s csal\u00e1dbar\u00e1t szabad strand kellemes s\u00e9t\u00e1ra (kb. 15 perc) tal\u00e1lhat\u00f3 (homokos partszakasz, kellemes s\u00e9t\u00e1nyok, k\u00e9t modern j\u00e1tsz\u00f3t\u00e9r, \u00e9ttermek, kiszolg\u00e1l\u00f3 egys\u00e9gek, bev\u00e1s\u00e1rl\u00e1si lehet\u0151s\u00e9g) &#8211; Telek: Lak\u00f3\u00f6vezeti, 719 m2, tiszta, rendezett udvar\u00fa. &#8211; &hellip;<\/p>\n<p class=\"read-more\"> <a class=\"\" href=\"http:\/\/www.viktoringatlan.hu\/wp\/product\/velencen-exkluziv-elmenykozpont-elado\/\"> <span class=\"screen-reader-text\">VELENC\u00c9N EXKLUZ\u00cdV  \u00c9LM\u00c9NYK\u00d6ZPONT ELAD\u00d3 !!!<\/span> Read More &raquo;<\/a><\/p>\n","protected":false},"featured_media":46229,"comment_status":"open","ping_status":"closed","template":"","meta":[],"product_brand":[],"product_cat":[92,122,422],"product_tag":[],"class_list":{"0":"post-46214","1":"product","2":"type-product","3":"status-publish","4":"has-post-thumbnail","6":"product_cat-elado","7":"product_cat-elado-haz","8":"product_cat-fejer-megye","10":"first","11":"instock","12":"shipping-taxable","13":"product-type-simple"},"_links":{"self":[{"href":"http:\/\/www.viktoringatlan.hu\/wp\/wp-json\/wp\/v2\/product\/46214","targetHints":{"allow":["GET"]}}],"collection":[{"href":"http:\/\/www.viktoringatlan.hu\/wp\/wp-json\/wp\/v2\/product"}],"about":[{"href":"http:\/\/www.viktoringatlan.hu\/wp\/wp-json\/wp\/v2\/types\/product"}],"replies":[{"embeddable":true,"href":"http:\/\/www.viktoringatlan.hu\/wp\/wp-json\/wp\/v2\/comments?post=46214"}],"wp:featuredmedia":[{"embeddable":true,"href":"http:\/\/www.viktoringatlan.hu\/wp\/wp-json\/wp\/v2\/media\/46229"}],"wp:attachment":[{"href":"http:\/\/www.viktoringatlan.hu\/wp\/wp-json\/wp\/v2\/media?parent=46214"}],"wp:term":[{"taxonomy":"product_brand","embeddable":true,"href":"http:\/\/www.viktoringatlan.hu\/wp\/wp-json\/wp\/v2\/product_brand?post=46214"},{"taxonomy":"product_cat","embeddable":true,"href":"http:\/\/www.viktoringatlan.hu\/wp\/wp-json\/wp\/v2\/product_cat?post=46214"},{"taxonomy":"product_tag","embeddable":true,"href":"http:\/\/www.viktoringatlan.hu\/wp\/wp-json\/wp\/v2\/product_tag?post=46214"}],"curies":[{"name":"wp","href":"https:\/\/api.w.org\/{rel}","templated":true}]}}