{"id":46442,"date":"2026-02-11T10:50:37","date_gmt":"2026-02-11T10:50:37","guid":{"rendered":"http:\/\/www.viktoringatlan.hu\/wp\/?post_type=product&#038;p=46442"},"modified":"2026-03-26T12:47:55","modified_gmt":"2026-03-26T12:47:55","slug":"elado-szekesfehervar-belvaros-premium-home-lakoparkban-csendes-belso-udvari-lakas","status":"publish","type":"product","link":"http:\/\/www.viktoringatlan.hu\/wp\/product\/elado-szekesfehervar-belvaros-premium-home-lakoparkban-csendes-belso-udvari-lakas\/","title":{"rendered":"ELAD\u00d3 Sz\u00e9kesfeh\u00e9rv\u00e1r, Belv\u00e1ros &#8211; Pr\u00e9mium Home lak\u00f3parkban csendes, bels\u0151 udvari lak\u00e1s"},"content":{"rendered":"<div dir=\"auto\">Pr\u00e9mium Home lak\u00f3parkban a Belv\u00e1rosban csendes, bels\u0151 udvari 5 lak\u00e1sos \u00e9p\u00fcletben \u00faj \u00e9p\u00edt\u00e9s\u0171, 1. emeleti luxuskivitel\u0171 nappali + 3 h\u00e1l\u00f3szob\u00e1s, amerikai konyh\u00e1s, teraszos, dupla komfortos ig\u00e9nyes lak\u00e1s elad\u00f3. Nappali+konyha+\u00e9tkez\u0151 egy l\u00e9gt\u00e9rben 50 m2, 3 h\u00e1l\u00f3szoba, mos\u00f3konyha, vend\u00e9g wc mosd\u00f3val, nagy f\u00fcrd\u0151szoba: dupla mosd\u00f3, sarokk\u00e1d, walk-in zuhanyz\u00f3, wc. Udvar \u00e9s a l\u00e9pcs\u0151h\u00e1z kamer\u00e1val felszerelt.<\/div>\n<div dir=\"auto\">Felszerelts\u00e9g: ig\u00e9nyes magasf\u00e9ny\u0171 konyha, min\u0151s\u00e9gi be\u00e9p\u00edtett konyhai g\u00e9pekkel, padl\u00f3f\u0171t\u00e9s, plafonh\u0171t\u00e9s, inverteres h\u0171t\u0151-f\u0171t\u0151 kl\u00edma, riaszt\u00f3, elektromos-t\u00e1vir\u00e1ny\u00edt\u00f3s red\u0151ny\u00f6k, sz\u00fanyogh\u00e1l\u00f3, egyedileg szab\u00e1lyozhat\u00f3 h\u0171t\u00e9s \u00e9s f\u0171t\u00e9s, kamer\u00e1s kaputelefon, okos otthon ki\u00e9p\u00edt\u00e9si lehet\u0151s\u00e9ggel. Min\u0151s\u00e9gi burkolatok. F\u0171t\u00e9si k\u00f6lts\u00e9g ak\u00e1r nulla Ft, mivel a j\u00f3 szigetel\u00e9s \u00e9s a remek t\u00e1jol\u00e1s miatt 23-34 fok van a lak\u00e1sban t\u00e9len is f\u0171t\u00e9s n\u00e9lk\u00fcl. Csendes, nyugodt k\u00f6rnyezet. Lak\u00e1shoz tartozik bekamer\u00e1zott z\u00e1rt udvarban saj\u00e1t parkol\u00f3hely. (Parkol\u00f3 4 milli\u00f3 Ft)<\/div>\n<div dir=\"auto\">A b\u00fatorok is megegyez\u00e9s szerint k\u00fcl\u00f6n megv\u00e1s\u00e1rolhat\u00f3k.<\/div>\n<div dir=\"auto\">Lak\u00e1s 125.350.000 Ft + parkol\u00f3hely 6.000.000 Ft<\/div>\n<div dir=\"auto\">Tel: 06304006653<\/div>\n","protected":false},"excerpt":{"rendered":"<p>Pr\u00e9mium Home lak\u00f3parkban a Belv\u00e1rosban csendes, bels\u0151 udvari 5 lak\u00e1sos \u00e9p\u00fcletben \u00faj \u00e9p\u00edt\u00e9s\u0171, 1. emeleti luxuskivitel\u0171 nappali + 3 h\u00e1l\u00f3szob\u00e1s, amerikai konyh\u00e1s, teraszos, dupla komfortos ig\u00e9nyes lak\u00e1s elad\u00f3. Nappali+konyha+\u00e9tkez\u0151 egy l\u00e9gt\u00e9rben 50 m2, 3 h\u00e1l\u00f3szoba, mos\u00f3konyha, vend\u00e9g wc mosd\u00f3val, nagy f\u00fcrd\u0151szoba: dupla mosd\u00f3, sarokk\u00e1d, walk-in zuhanyz\u00f3, wc. Udvar \u00e9s a l\u00e9pcs\u0151h\u00e1z kamer\u00e1val felszerelt. Felszerelts\u00e9g: ig\u00e9nyes &hellip;<\/p>\n<p class=\"read-more\"> <a class=\"\" href=\"http:\/\/www.viktoringatlan.hu\/wp\/product\/elado-szekesfehervar-belvaros-premium-home-lakoparkban-csendes-belso-udvari-lakas\/\"> <span class=\"screen-reader-text\">ELAD\u00d3 Sz\u00e9kesfeh\u00e9rv\u00e1r, Belv\u00e1ros &#8211; Pr\u00e9mium Home lak\u00f3parkban csendes, bels\u0151 udvari lak\u00e1s<\/span> Read More &raquo;<\/a><\/p>\n","protected":false},"featured_media":46445,"comment_status":"open","ping_status":"closed","template":"","meta":[],"product_brand":[],"product_cat":[92,121,422,420],"product_tag":[130],"class_list":{"0":"post-46442","1":"product","2":"type-product","3":"status-publish","4":"has-post-thumbnail","6":"product_cat-elado","7":"product_cat-elado-lakas","8":"product_cat-fejer-megye","9":"product_cat-szekesfehervar","10":"product_tag-elado","12":"first","13":"instock","14":"shipping-taxable","15":"product-type-simple"},"_links":{"self":[{"href":"http:\/\/www.viktoringatlan.hu\/wp\/wp-json\/wp\/v2\/product\/46442","targetHints":{"allow":["GET"]}}],"collection":[{"href":"http:\/\/www.viktoringatlan.hu\/wp\/wp-json\/wp\/v2\/product"}],"about":[{"href":"http:\/\/www.viktoringatlan.hu\/wp\/wp-json\/wp\/v2\/types\/product"}],"replies":[{"embeddable":true,"href":"http:\/\/www.viktoringatlan.hu\/wp\/wp-json\/wp\/v2\/comments?post=46442"}],"wp:featuredmedia":[{"embeddable":true,"href":"http:\/\/www.viktoringatlan.hu\/wp\/wp-json\/wp\/v2\/media\/46445"}],"wp:attachment":[{"href":"http:\/\/www.viktoringatlan.hu\/wp\/wp-json\/wp\/v2\/media?parent=46442"}],"wp:term":[{"taxonomy":"product_brand","embeddable":true,"href":"http:\/\/www.viktoringatlan.hu\/wp\/wp-json\/wp\/v2\/product_brand?post=46442"},{"taxonomy":"product_cat","embeddable":true,"href":"http:\/\/www.viktoringatlan.hu\/wp\/wp-json\/wp\/v2\/product_cat?post=46442"},{"taxonomy":"product_tag","embeddable":true,"href":"http:\/\/www.viktoringatlan.hu\/wp\/wp-json\/wp\/v2\/product_tag?post=46442"}],"curies":[{"name":"wp","href":"https:\/\/api.w.org\/{rel}","templated":true}]}}