{"id":46709,"date":"2026-02-12T14:21:46","date_gmt":"2026-02-12T14:21:46","guid":{"rendered":"http:\/\/www.viktoringatlan.hu\/wp\/?post_type=product&#038;p=46709"},"modified":"2026-03-26T12:47:51","modified_gmt":"2026-03-26T12:47:51","slug":"elado-budapest-iv-kerulet-lorincz-utca-ketszintes-kertkapcsolatos-lakas","status":"publish","type":"product","link":"http:\/\/www.viktoringatlan.hu\/wp\/product\/elado-budapest-iv-kerulet-lorincz-utca-ketszintes-kertkapcsolatos-lakas\/","title":{"rendered":"Elad\u00f3 Budapest IV. ker\u00fclet, L\u0151rincz utca, k\u00e9tszintes, KERTKAPCSOLATOS lak\u00e1s"},"content":{"rendered":"<div class=\"xdj266r x14z9mp xat24cr x1lziwak x1vvkbs x126k92a\">\n<div dir=\"auto\">Megv\u00e9telre k\u00edn\u00e1lunk Budapest IV. ker\u00fclet\u00e9ben, a L\u0151rincz utc\u00e1ban egy 60m2-es, nappali h\u00e1l\u00f3szob\u00e1s, bels\u0151 k\u00e9tszintes, KERTKAPCSOLATOS lak\u00e1st.<\/div>\n<div dir=\"auto\">Az ingatlan 9 lak\u00e1sos f\u00f6ldszintes, kultur\u00e1lt, kifejezetten csendes t\u00e1rsash\u00e1zban tal\u00e1lhat\u00f3.<\/div>\n<div dir=\"auto\">Az als\u00f3 szinten tal\u00e1lhat\u00f3 a nappali, konyha, a f\u00fcrd\u0151, wc \u00f6sszesen 34m2, a fels\u0151 szinten a h\u00e1l\u00f3szoba, dolgoz\u00f3, (nett\u00f3 21) brutt\u00f3 26m2. Az 50m2-es kertkapcsolatb\u00f3l 14m2-nyi fedett terasz lett kialak\u00edtva, valamint egy 8m2-es t\u00e1rol\u00f3 is helyet kapott a k\u00f6z\u00f6s kertben.<\/div>\n<div dir=\"auto\">Az ingatlan 4 \u00e9ve teljesk\u00f6r\u0171 m\u0171szaki fel\u00faj\u00edt\u00e1son esett \u00e1t.<\/div>\n<div dir=\"auto\">Fels\u0151 szinten 20 cm-es k\u0151zetgyapot szigetel\u00e9s tal\u00e1lhat\u00f3.<\/div>\n<div dir=\"auto\">A lak\u00e1s k\u00edv\u00fclr\u0151l 10 cm dryvit szigetel\u00e9st kapott .<\/div>\n<div dir=\"auto\">Minden ablak illetve ajt\u00f3 sz\u00fanyogh\u00e1l\u00f3val, red\u0151nnyel felszerelt.<\/div>\n<\/div>\n<div class=\"x14z9mp xat24cr x1lziwak x1vvkbs xtlvy1s x126k92a\">\n<div dir=\"auto\">F\u0171t\u00e9se F\u00e9g Zeusz nagyteljes\u00edtm\u00e9ny\u0171 l\u00e1tv\u00e1ny-konvektor illetve<\/div>\n<div dir=\"auto\">norv\u00e9g panel biztos\u00edtja. H\u0171t\u00e9sr\u0151l l\u00e9gkondicion\u00e1l\u00f3 gondoskodik.<\/div>\n<div dir=\"auto\">K\u00f6z\u00f6s k\u00f6lts\u00e9g: 14.000<\/div>\n<div dir=\"auto\">T\u00f6bbi fogyaszt\u00e1s alapj\u00e1n \/f\u0171t\u00e9s 10.000 kb t\u00e9len, villany kl\u00edm\u00e1val 7000 Ft\/<\/div>\n<div dir=\"auto\">A metr\u00f3, valamint minimum 15 f\u00e9le busz 3 perc s\u00e9t\u00e1val el\u00e9rhet\u0151,<\/div>\n<div dir=\"auto\">k\u00f6zvetlen k\u00f6rnyezet\u00e9ben piac, orvosi rendel\u0151, gy\u00f3gyszert\u00e1r, sz\u00e1mos iskola, \u00f3voda. A Duna-part egy k\u00e9nyelmes 20 perces s\u00e9t\u00e1val el\u00e9rhet\u0151.<\/div>\n<div dir=\"auto\">MIvel a b\u00fatorok kifejezetten a lak\u00e1sba lettek tervezve, ez\u00e9rt a tulajdonos az ingatlanba hagyja a teljes b\u00fatorzatot tov\u00e1bbi 2M Ft -\u00e9rt.<\/div>\n<div dir=\"auto\">K\u00edn\u00e1lati \u00e1r: 87,8 M Ft<\/div>\n<\/div>\n","protected":false},"excerpt":{"rendered":"<p>Megv\u00e9telre k\u00edn\u00e1lunk Budapest IV. ker\u00fclet\u00e9ben, a L\u0151rincz utc\u00e1ban egy 60m2-es, nappali h\u00e1l\u00f3szob\u00e1s, bels\u0151 k\u00e9tszintes, KERTKAPCSOLATOS lak\u00e1st. Az ingatlan 9 lak\u00e1sos f\u00f6ldszintes, kultur\u00e1lt, kifejezetten csendes t\u00e1rsash\u00e1zban tal\u00e1lhat\u00f3. Az als\u00f3 szinten tal\u00e1lhat\u00f3 a nappali, konyha, a f\u00fcrd\u0151, wc \u00f6sszesen 34m2, a fels\u0151 szinten a h\u00e1l\u00f3szoba, dolgoz\u00f3, (nett\u00f3 21) brutt\u00f3 26m2. Az 50m2-es kertkapcsolatb\u00f3l 14m2-nyi fedett terasz lett &hellip;<\/p>\n<p class=\"read-more\"> <a class=\"\" href=\"http:\/\/www.viktoringatlan.hu\/wp\/product\/elado-budapest-iv-kerulet-lorincz-utca-ketszintes-kertkapcsolatos-lakas\/\"> <span class=\"screen-reader-text\">Elad\u00f3 Budapest IV. ker\u00fclet, L\u0151rincz utca, k\u00e9tszintes, KERTKAPCSOLATOS lak\u00e1s<\/span> Read More &raquo;<\/a><\/p>\n","protected":false},"featured_media":46711,"comment_status":"open","ping_status":"closed","template":"","meta":[],"product_brand":[],"product_cat":[92,419,121],"product_tag":[130],"class_list":{"0":"post-46709","1":"product","2":"type-product","3":"status-publish","4":"has-post-thumbnail","6":"product_cat-elado","7":"product_cat-budapest","8":"product_cat-elado-lakas","9":"product_tag-elado","11":"first","12":"instock","13":"shipping-taxable","14":"product-type-simple"},"_links":{"self":[{"href":"http:\/\/www.viktoringatlan.hu\/wp\/wp-json\/wp\/v2\/product\/46709","targetHints":{"allow":["GET"]}}],"collection":[{"href":"http:\/\/www.viktoringatlan.hu\/wp\/wp-json\/wp\/v2\/product"}],"about":[{"href":"http:\/\/www.viktoringatlan.hu\/wp\/wp-json\/wp\/v2\/types\/product"}],"replies":[{"embeddable":true,"href":"http:\/\/www.viktoringatlan.hu\/wp\/wp-json\/wp\/v2\/comments?post=46709"}],"wp:featuredmedia":[{"embeddable":true,"href":"http:\/\/www.viktoringatlan.hu\/wp\/wp-json\/wp\/v2\/media\/46711"}],"wp:attachment":[{"href":"http:\/\/www.viktoringatlan.hu\/wp\/wp-json\/wp\/v2\/media?parent=46709"}],"wp:term":[{"taxonomy":"product_brand","embeddable":true,"href":"http:\/\/www.viktoringatlan.hu\/wp\/wp-json\/wp\/v2\/product_brand?post=46709"},{"taxonomy":"product_cat","embeddable":true,"href":"http:\/\/www.viktoringatlan.hu\/wp\/wp-json\/wp\/v2\/product_cat?post=46709"},{"taxonomy":"product_tag","embeddable":true,"href":"http:\/\/www.viktoringatlan.hu\/wp\/wp-json\/wp\/v2\/product_tag?post=46709"}],"curies":[{"name":"wp","href":"https:\/\/api.w.org\/{rel}","templated":true}]}}